{"id":702,"date":"2025-09-12T11:08:08","date_gmt":"2025-09-12T09:08:08","guid":{"rendered":"https:\/\/carla-shop237.com\/?post_type=product&#038;p=702"},"modified":"2025-09-12T11:15:29","modified_gmt":"2025-09-12T09:15:29","slug":"damart-t-shirt-manches-longues-fine-cote-femme","status":"publish","type":"product","link":"https:\/\/carla-shop237.com\/?product=damart-t-shirt-manches-longues-fine-cote-femme","title":{"rendered":"Damart T-shirt Manches Longues Fine Cote Femme"},"content":{"rendered":"<ul class=\"a-unordered-list a-vertical a-spacing-small\">\n<li><span class=\"a-list-item a-size-base a-color-base\">Label : Ce sous-v\u00eatement Thermolactyl degr\u00e9 3 apporte une chaleur agr\u00e9able au c\u0153ur de l\u2019hiver.<\/span><\/li>\n<li><span class=\"a-list-item a-size-base a-color-base\">Tailles : Ce produit existe de la taille 34-36 (XS) \u00e0 la taille 54-56 (XXL).<\/span><\/li>\n<li><span class=\"a-list-item a-size-base a-color-base\">Couleurs : Ce produit existe en Blanc, Gris, Noir, Rose, Vert.<\/span><\/li>\n<li><span class=\"a-list-item a-size-base a-color-base\">Composition : Ce produit contient 50% de Acrylique, 50% de Polyester.<\/span><\/li>\n<li><span class=\"a-list-item a-size-base a-color-base\">Conseil d&rsquo;entretien : Il est conseill\u00e9 de laver votre linge \u00e0 30\u00b0C.<\/span><\/li>\n<\/ul>\n","protected":false},"excerpt":{"rendered":"<p>Label : Ce sous-v\u00eatement Thermolactyl degr\u00e9 3 apporte une chaleur agr\u00e9able au c\u0153ur de l\u2019hiver. Tailles : Ce produit existe&hellip;<\/p>\n","protected":false},"featured_media":703,"comment_status":"open","ping_status":"closed","template":"","meta":[],"product_brand":[],"product_cat":[15,43,47],"product_tag":[56],"class_list":{"0":"post-702","1":"product","2":"type-product","3":"status-publish","4":"has-post-thumbnail","6":"product_cat-non-classe","7":"product_cat-vetements","8":"product_cat-femme","9":"product_tag-chemise","11":"first","12":"instock","13":"shipping-taxable","14":"purchasable","15":"product-type-simple"},"_links":{"self":[{"href":"https:\/\/carla-shop237.com\/index.php?rest_route=\/wp\/v2\/product\/702","targetHints":{"allow":["GET"]}}],"collection":[{"href":"https:\/\/carla-shop237.com\/index.php?rest_route=\/wp\/v2\/product"}],"about":[{"href":"https:\/\/carla-shop237.com\/index.php?rest_route=\/wp\/v2\/types\/product"}],"replies":[{"embeddable":true,"href":"https:\/\/carla-shop237.com\/index.php?rest_route=%2Fwp%2Fv2%2Fcomments&post=702"}],"wp:featuredmedia":[{"embeddable":true,"href":"https:\/\/carla-shop237.com\/index.php?rest_route=\/wp\/v2\/media\/703"}],"wp:attachment":[{"href":"https:\/\/carla-shop237.com\/index.php?rest_route=%2Fwp%2Fv2%2Fmedia&parent=702"}],"wp:term":[{"taxonomy":"product_brand","embeddable":true,"href":"https:\/\/carla-shop237.com\/index.php?rest_route=%2Fwp%2Fv2%2Fproduct_brand&post=702"},{"taxonomy":"product_cat","embeddable":true,"href":"https:\/\/carla-shop237.com\/index.php?rest_route=%2Fwp%2Fv2%2Fproduct_cat&post=702"},{"taxonomy":"product_tag","embeddable":true,"href":"https:\/\/carla-shop237.com\/index.php?rest_route=%2Fwp%2Fv2%2Fproduct_tag&post=702"}],"curies":[{"name":"wp","href":"https:\/\/api.w.org\/{rel}","templated":true}]}}