{"id":716,"date":"2025-09-12T11:29:02","date_gmt":"2025-09-12T09:29:02","guid":{"rendered":"https:\/\/carla-shop237.com\/?post_type=product&#038;p=716"},"modified":"2025-09-12T11:31:56","modified_gmt":"2025-09-12T09:31:56","slug":"marvel-ensembles-de-pyjama-coupe-ajustee-3-pieces-garcon","status":"publish","type":"product","link":"https:\/\/carla-shop237.com\/?product=marvel-ensembles-de-pyjama-coupe-ajustee-3-pieces-garcon","title":{"rendered":"Marvel Ensembles De Pyjama, Coupe Ajust\u00e9e, 3 Pi\u00e8ces Gar\u00e7on"},"content":{"rendered":"","protected":false},"excerpt":{"rendered":"","protected":false},"featured_media":717,"comment_status":"open","ping_status":"closed","template":"","meta":[],"product_brand":[],"product_cat":[15,48],"product_tag":[],"class_list":{"0":"post-716","1":"product","2":"type-product","3":"status-publish","4":"has-post-thumbnail","6":"product_cat-non-classe","7":"product_cat-enfant","9":"first","10":"instock","11":"shipping-taxable","12":"purchasable","13":"product-type-simple"},"_links":{"self":[{"href":"https:\/\/carla-shop237.com\/index.php?rest_route=\/wp\/v2\/product\/716","targetHints":{"allow":["GET"]}}],"collection":[{"href":"https:\/\/carla-shop237.com\/index.php?rest_route=\/wp\/v2\/product"}],"about":[{"href":"https:\/\/carla-shop237.com\/index.php?rest_route=\/wp\/v2\/types\/product"}],"replies":[{"embeddable":true,"href":"https:\/\/carla-shop237.com\/index.php?rest_route=%2Fwp%2Fv2%2Fcomments&post=716"}],"wp:featuredmedia":[{"embeddable":true,"href":"https:\/\/carla-shop237.com\/index.php?rest_route=\/wp\/v2\/media\/717"}],"wp:attachment":[{"href":"https:\/\/carla-shop237.com\/index.php?rest_route=%2Fwp%2Fv2%2Fmedia&parent=716"}],"wp:term":[{"taxonomy":"product_brand","embeddable":true,"href":"https:\/\/carla-shop237.com\/index.php?rest_route=%2Fwp%2Fv2%2Fproduct_brand&post=716"},{"taxonomy":"product_cat","embeddable":true,"href":"https:\/\/carla-shop237.com\/index.php?rest_route=%2Fwp%2Fv2%2Fproduct_cat&post=716"},{"taxonomy":"product_tag","embeddable":true,"href":"https:\/\/carla-shop237.com\/index.php?rest_route=%2Fwp%2Fv2%2Fproduct_tag&post=716"}],"curies":[{"name":"wp","href":"https:\/\/api.w.org\/{rel}","templated":true}]}}